{"id":43037,"date":"2021-10-13T12:29:21","date_gmt":"2021-10-13T10:29:21","guid":{"rendered":"https:\/\/flyairsenegal.com\/mobile\/?page_id=43037"},"modified":"2024-02-05T15:52:33","modified_gmt":"2024-02-05T14:52:33","slug":"nos-agences-2","status":"publish","type":"page","link":"https:\/\/flyairsenegal.com\/mobile\/nos-agences-2\/","title":{"rendered":"Nos Agences"},"content":{"rendered":"<p>[et_pb_section fb_built=\u00a0\u00bb1&Prime; _builder_version=\u00a0\u00bb4.3.4&Prime; custom_margin=\u00a0\u00bb||130px|||\u00a0\u00bb custom_padding=\u00a0\u00bb0px||0px|||\u00a0\u00bb da_disable_devices=\u00a0\u00bboff|off|off\u00a0\u00bb collapsed=\u00a0\u00bboff\u00a0\u00bb global_colors_info=\u00a0\u00bb{}\u00a0\u00bb da_is_popup=\u00a0\u00bboff\u00a0\u00bb da_exit_intent=\u00a0\u00bboff\u00a0\u00bb da_has_close=\u00a0\u00bbon\u00a0\u00bb da_alt_close=\u00a0\u00bboff\u00a0\u00bb da_dark_close=\u00a0\u00bboff\u00a0\u00bb da_not_modal=\u00a0\u00bbon\u00a0\u00bb da_is_singular=\u00a0\u00bboff\u00a0\u00bb da_with_loader=\u00a0\u00bboff\u00a0\u00bb da_has_shadow=\u00a0\u00bbon\u00a0\u00bb][et_pb_row column_structure=\u00a0\u00bb3_4,1_4&Prime; _builder_version=\u00a0\u00bb4.3.4&Prime; custom_padding=\u00a0\u00bb||0px|||\u00a0\u00bb global_colors_info=\u00a0\u00bb{}\u00a0\u00bb][et_pb_column type=\u00a0\u00bb3_4&Prime; _builder_version=\u00a0\u00bb4.3.4&Prime; global_colors_info=\u00a0\u00bb{}\u00a0\u00bb][et_pb_cta button_text=\u00a0\u00bbClics\u00a0\u00bb _builder_version=\u00a0\u00bb4.3.4&Prime; header_level=\u00a0\u00bbh1&Prime; background_color=\u00a0\u00bbrgba(0,0,0,0)\u00a0\u00bb use_background_color_gradient=\u00a0\u00bbon\u00a0\u00bb background_image=\u00a0\u00bbhttps:\/\/flyairsenegal.com\/wp-content\/uploads\/2019\/12\/flygth-a319.jpg\u00a0\u00bb parallax=\u00a0\u00bbon\u00a0\u00bb custom_margin=\u00a0\u00bb||0px|||\u00a0\u00bb custom_padding=\u00a0\u00bb||145px|||\u00a0\u00bb global_colors_info=\u00a0\u00bb{}\u00a0\u00bb][\/et_pb_cta][\/et_pb_column][et_pb_column type=\u00a0\u00bb1_4&Prime; _builder_version=\u00a0\u00bb4.3.4&Prime; global_colors_info=\u00a0\u00bb{}\u00a0\u00bb][et_pb_text _builder_version=\u00a0\u00bb4.9.11&Prime; text_font=\u00a0\u00bb|800||on|||||\u00a0\u00bb text_text_color=\u00a0\u00bb#FFFFFF\u00a0\u00bb header_text_color=\u00a0\u00bb#FFFFFF\u00a0\u00bb background_color=\u00a0\u00bb#E02B20&Prime; text_orientation=\u00a0\u00bbcenter\u00a0\u00bb global_colors_info=\u00a0\u00bb{}\u00a0\u00bb]<\/p>\n<p>LIENS UTILES<\/p>\n<p><span style=\"color: #ffffff;\"><a href=\"https:\/\/flyairsenegal.com\/mobile\/le-programme-teranga\/\" style=\"color: #ffffff;\">Programme T\u00e9ranga<\/a><\/span><\/p>\n<p><span style=\"color: #ffffff;\"><a href=\"https:\/\/flyairsenegal.com\/mobile\/documents-a-telecharger\/\" style=\"color: #ffffff;\">Document de voyages<\/a><\/span><\/p>\n<p><span style=\"color: #ffffff;\"><a href=\"https:\/\/flyairsenegal.com\/mobile\/enregistrement-en-ligne\/\" style=\"color: #ffffff;\">enregistrement en ligne<\/a><\/span><\/p>\n<p>&nbsp;<\/p>\n<p>[\/et_pb_text][\/et_pb_column][\/et_pb_row][et_pb_row _builder_version=\u00a0\u00bb4.3.4&Prime; global_colors_info=\u00a0\u00bb{}\u00a0\u00bb][et_pb_column type=\u00a0\u00bb4_4&Prime; _builder_version=\u00a0\u00bb4.3.4&Prime; global_colors_info=\u00a0\u00bb{}\u00a0\u00bb][et_pb_text _builder_version=\u00a0\u00bb4.9.11&Prime; text_font=\u00a0\u00bb|800||on|||||\u00a0\u00bb text_text_color=\u00a0\u00bb#FFFFFF\u00a0\u00bb text_font_size=\u00a0\u00bb25px\u00a0\u00bb background_color=\u00a0\u00bb#E02B20&Prime; text_orientation=\u00a0\u00bbcenter\u00a0\u00bb custom_padding=\u00a0\u00bb||2px|||\u00a0\u00bb global_colors_info=\u00a0\u00bb{}\u00a0\u00bb]<\/p>\n<p>informations utiles<\/p>\n<p>[\/et_pb_text][\/et_pb_column][\/et_pb_row][et_pb_row column_structure=\u00a0\u00bb1_3,1_3,1_3&Prime; _builder_version=\u00a0\u00bb4.3.4&Prime; global_colors_info=\u00a0\u00bb{}\u00a0\u00bb][et_pb_column type=\u00a0\u00bb1_3&Prime; _builder_version=\u00a0\u00bb4.3.4&Prime; global_colors_info=\u00a0\u00bb{}\u00a0\u00bb][et_pb_text _builder_version=\u00a0\u00bb4.9.11&Prime; text_font=\u00a0\u00bb|800||on|||||\u00a0\u00bb text_font_size=\u00a0\u00bb16px\u00a0\u00bb header_font=\u00a0\u00bb|800|||||||\u00a0\u00bb background_color=\u00a0\u00bbrgba(0,0,0,0)\u00a0\u00bb use_background_color_gradient=\u00a0\u00bbon\u00a0\u00bb background_color_gradient_start=\u00a0\u00bbrgba(0,0,0,0)\u00a0\u00bb background_color_gradient_end=\u00a0\u00bbrgba(0,0,0,0)\u00a0\u00bb background_enable_image=\u00a0\u00bboff\u00a0\u00bb background_size=\u00a0\u00bbcontain\u00a0\u00bb global_colors_info=\u00a0\u00bb{}\u00a0\u00bb]<\/p>\n<p><span style=\"color: #ff0000;\"><strong>contacts utiles<\/strong><\/span><\/p>\n<p><span style=\"color: #000000;\"><strong><a style=\"color: #000000;\" href=\"https:\/\/flyairsenegal.com\/mobile\/le-programme-teranga\/\">Programme T\u00e9ranga<\/a><\/strong><\/span><\/p>\n<p><span style=\"color: #000000;\"><strong><a style=\"color: #000000;\" href=\"mailto:sales.cargo@airsenegalsa.sn\">Cargo\/Fret<\/a><\/strong><\/span><\/p>\n<p>[\/et_pb_text][\/et_pb_column][et_pb_column type=\u00a0\u00bb1_3&Prime; _builder_version=\u00a0\u00bb4.3.4&Prime; global_colors_info=\u00a0\u00bb{}\u00a0\u00bb][et_pb_text _builder_version=\u00a0\u00bb4.3.4&Prime; custom_padding=\u00a0\u00bb|0px||||\u00a0\u00bb global_colors_info=\u00a0\u00bb{}\u00a0\u00bb]<\/p>\n<h3>Nous sommes \u00e0 votre enti\u00e8re disposition 24h\/24 et 7j\/7<\/h3>\n<p>[\/et_pb_text][\/et_pb_column][et_pb_column type=\u00a0\u00bb1_3&Prime; _builder_version=\u00a0\u00bb4.3.4&Prime; global_colors_info=\u00a0\u00bb{}\u00a0\u00bb][et_pb_text _builder_version=\u00a0\u00bb4.9.11&Prime; custom_margin=\u00a0\u00bb|-44px||||\u00a0\u00bb custom_padding=\u00a0\u00bb|0px||||\u00a0\u00bb global_colors_info=\u00a0\u00bb{}\u00a0\u00bb]<\/p>\n<p><a href=\"https:\/\/flyairsenegal.com\/mobile\/faq\/\"><strong><img loading=\"lazy\" decoding=\"async\" class=\"wp-image-55195 alignnone size-medium\" src=\"https:\/\/flyairsenegal.com\/mobile\/wp-content\/uploads\/2021\/10\/article-300x300-1.png\" alt=\"\" width=\"61\" height=\"61\" \/>FAQ\u00a0 \u00a0 \u00a0 \u00a0<\/strong><\/a><a href=\"https:\/\/flyairsenegal.com\/mobile\/contacts\/\"><strong><img loading=\"lazy\" decoding=\"async\" class=\"wp-image-55197 alignnone size-medium\" src=\"https:\/\/flyairsenegal.com\/mobile\/wp-content\/uploads\/2021\/10\/article-2-300x300-1.png\" alt=\"\" width=\"58\" height=\"58\" \/>POSEZ UNE\u00a0 \u00a0QUESTION<\/strong><\/a><\/p>\n<p>[\/et_pb_text][\/et_pb_column][\/et_pb_row][et_pb_row _builder_version=\u00a0\u00bb4.9.11&Prime; max_width=\u00a0\u00bb1420px\u00a0\u00bb custom_margin=\u00a0\u00bb||||false|true\u00a0\u00bb global_colors_info=\u00a0\u00bb{}\u00a0\u00bb][et_pb_column type=\u00a0\u00bb4_4&Prime; _builder_version=\u00a0\u00bb4.3.4&Prime; global_colors_info=\u00a0\u00bb{}\u00a0\u00bb][et_pb_text _builder_version=\u00a0\u00bb4.9.11&Prime; text_font=\u00a0\u00bb|800|||||||\u00a0\u00bb text_text_color=\u00a0\u00bb#E02B20&Prime; text_font_size=\u00a0\u00bb20px\u00a0\u00bb text_orientation=\u00a0\u00bbcenter\u00a0\u00bb custom_margin=\u00a0\u00bb||||false|false\u00a0\u00bb custom_padding=\u00a0\u00bb0px||||false|false\u00a0\u00bb global_colors_info=\u00a0\u00bb{}\u00a0\u00bb]<\/p>\n<p>Nos agences \u00e0 travers le monde<\/p>\n<p>[\/et_pb_text][et_pb_text content_phone=\u00a0\u00bb<\/p>\n<table style=%22height: 780px; width: 90px;%22 border=%222%22>\n<tbody>\n<tr style=%22height: 10px;%22>\n<td style=%22width: 78.8125px; height: 10px;%22><span style=%22color: #ff0000;%22><strong>Pays<\/strong><\/span><\/td>\n<td style=%22width: 131.521px; height: 10px;%22><span style=%22color: #ff0000;%22><strong> num\u00e9ros<\/strong><\/span><\/td>\n<td style=%22width: 239.531px; height: 10px; text-align: center;%22><span style=%22color: #ff0000;%22><strong>mails<\/strong><\/span><\/td>\n<\/tr>\n<tr style=%22height: 11px;%22>\n<td style=%22width: 78.8125px; height: 11px;%22>S\u00e9n\u00e9gal<\/td>\n<td style=%22width: 131.521px; height: 11px; text-align: center;%22>+221301151515<\/td>\n<td style=%22width: 239.531px; height: 11px;%22>\n<p><a href=%22mailto:groupato@airsenegalsa.sn%22>groupato@airsenegalsa.sn<\/a><\/p>\n<p><a href=%22mailto:cto@airsenegalsa.sn%22>cto@airsenegalsa.sn<\/a><\/p>\n<\/td>\n<\/tr>\n<tr style=%22height: 11px;%22>\n<td style=%22width: 78.8125px; height: 11px;%22>France<\/td>\n<td style=%22width: 131.521px; height: 11px; text-align: center;%22>+33 1 53 43 33 99<\/td>\n<td style=%22width: 239.531px; height: 11px;%22>sales.france@airsenegalsa.sn<\/td>\n<\/tr>\n<tr style=%22height: 11px;%22>\n<td style=%22width: 78.8125px; height: 11px;%22>Italie<\/td>\n<td style=%22width: 131.521px; height: 11px;%22>\n<p style=%22text-align: center;%22>+39 (02)43458387<\/p>\n<p style=%22text-align: center;%22>+39(02)43458340<\/p>\n<\/td>\n<td style=%22width: 239.531px; height: 11px;%22>sales.italia@airsenegalsa.sn<\/td>\n<\/tr>\n<tr style=%22height: 11px;%22>\n<td style=%22width: 78.8125px; height: 11px; text-align: left;%22>Espagne<\/td>\n<td style=%22width: 131.521px; height: 11px;%22>\n<p style=%22text-align: center;%22>+ 34 91 344 17 26<\/p>\n<p style=%22text-align: center;%22>+ 34 91 562 54 96<\/p>\n<\/td>\n<td style=%22width: 239.531px; height: 11px;%22>sales.espagne@airsenegalsa.sn<\/td>\n<\/tr>\n<tr style=%22height: 11px;%22>\n<td style=%22width: 78.8125px; height: 11px;%22>Mali<\/td>\n<td style=%22width: 131.521px; height: 11px; text-align: center;%22>+223 202 221 00<\/td>\n<td style=%22width: 239.531px; height: 11px;%22>sales.mali@airsenegalsa.sn<\/td>\n<\/tr>\n<tr style=%22height: 11px;%22>\n<td style=%22width: 78.8125px; height: 11px;%22>Mauritanie<\/td>\n<td style=%22width: 131.521px; height: 11px; text-align: center;%22>+222 45 2512 09<\/td>\n<td style=%22width: 239.531px; height: 11px;%22>sales.mauritanie@airsenegalsa.sn<\/td>\n<\/tr>\n<tr style=%22height: 11px;%22>\n<td style=%22width: 78.8125px; height: 11px;%22>Gambie<\/td>\n<td style=%22width: 131.521px; height: 11px; text-align: center;%22>+220 437 79 34<\/td>\n<td style=%22width: 239.531px; height: 11px;%22>sales.gambia@airsenegalsa.sn<\/td>\n<\/tr>\n<tr style=%22height: 11px;%22>\n<td style=%22width: 78.8125px; height: 11px; text-align: left;%22>\u00c9tats-Unis<\/td>\n<td style=%22width: 131.521px; height: 11px; text-align: center;%22>\n<p>+1 (201) 484-8036<\/p>\n<p>+1 877 411-9134<\/p>\n<\/td>\n<td style=%22width: 239.531px; height: 11px;%22>sales.usa@airsenegalsa.sn<\/td>\n<\/tr>\n<tr style=%22height: 11px;%22>\n<td style=%22width: 78.8125px; height: 11px;%22>B\u00e9nin<\/td>\n<td style=%22width: 131.521px; height: 11px; text-align: center;%22>+22961814282 +22921312875<\/td>\n<td style=%22width: 239.531px; height: 11px;%22>sales.benin@airsenegalsa.sn<\/td>\n<\/tr>\n<tr style=%22height: 11px;%22>\n<td style=%22width: 78.8125px; height: 11px;%22>Guin\u00e9e Conakry<\/td>\n<td style=%22width: 131.521px; height: 11px; text-align: center;%22>+224 626 27 27 27<\/td>\n<td style=%22width: 239.531px; height: 11px;%22>sales.conakry@airsenegalsa.sn<\/td>\n<\/tr>\n<tr style=%22height: 11px;%22>\n<td style=%22width: 78.8125px; height: 11px;%22>Praia<\/td>\n<td style=%22width: 131.521px; height: 11px;%22>+238 997 05 72 +238 978 99 29 +238 978 59 44<\/td>\n<td style=%22width: 239.531px; height: 11px;%22>sales.praia@airsenegalsa.sn<\/td>\n<\/tr>\n<tr style=%22height: 11px;%22>\n<td style=%22width: 78.8125px; height: 11px;%22>Bissau<\/td>\n<td style=%22width: 131.521px; height: 11px; text-align: center;%22>+245 956577349<\/td>\n<td style=%22width: 239.531px; height: 11px;%22>sales.bissau@airsenegalsa.sn<\/td>\n<\/tr>\n<tr style=%22height: 11px;%22>\n<td style=%22width: 78.8125px; height: 11px; text-align: left;%22>Cote d&rsquo;Ivoire<\/td>\n<td style=%22width: 131.521px; height: 11px; text-align: center;%22>+20 30 38 47 +20 30 38 52<\/td>\n<td style=%22width: 239.531px; height: 11px;%22>sales.cotedivoire@airsenegalsa.sn<\/td>\n<\/tr>\n<\/tbody>\n<\/table>\n<p style=%22text-align: center;%22>\u00a0\u00bb content_last_edited=\u00a0\u00bboff|desktop\u00a0\u00bb _builder_version=\u00a0\u00bb4.9.11&Prime; transform_scale_last_edited=\u00a0\u00bboff|phone\u00a0\u00bb transform_translate_last_edited=\u00a0\u00bboff|phone\u00a0\u00bb transform_rotate_last_edited=\u00a0\u00bboff|phone\u00a0\u00bb transform_skew_last_edited=\u00a0\u00bboff|phone\u00a0\u00bb transform_origin_last_edited=\u00a0\u00bboff|phone\u00a0\u00bb transform_styles_last_edited=\u00a0\u00bboff|phone\u00a0\u00bb overflow-x=\u00a0\u00bbvisible\u00a0\u00bb custom_margin=\u00a0\u00bb|0px||||\u00a0\u00bb custom_padding=\u00a0\u00bb|0px||||\u00a0\u00bb hover_enabled=\u00a0\u00bb0&Prime; custom_css_main_element=\u00a0\u00bbdisplay:flex;||overflow-y:scroll !important;\u00a0\u00bb global_colors_info=\u00a0\u00bb{}\u00a0\u00bb sticky_enabled=\u00a0\u00bb0&Prime;]<\/p>\n<table style=\"max-height: 260px; max-width: 60px; overflow-y: scroll; margin-left: auto; margin-right: auto; width: 794px; height: 2309px;\" border=\"2\">\n<tbody>\n<tr style=\"height: 5px;\">\n<td style=\"width: 70.9607px; height: 5px;\"><span style=\"color: #ff0000;\"><strong>Pays<\/strong><\/span><\/td>\n<td style=\"width: 74.0046px; height: 5px;\"><span style=\"color: #ff0000;\"><strong>Nom de l&rsquo;Agence<\/strong><\/span><\/td>\n<td style=\"width: 96.9097px; text-align: left; height: 5px;\"><span style=\"color: #ff0000;\"><strong>Adresse Physique<\/strong><\/span><\/td>\n<td style=\"width: 112.292px; height: 5px;\"><span style=\"color: #ff0000;\"><strong>\u00a0 \u00a0 \u00a0 num\u00e9ros<\/strong><\/span><\/td>\n<td style=\"width: 222.523px; height: 5px; text-align: center;\"><span style=\"color: #ff0000;\"><strong>mails<\/strong><\/span><\/td>\n<td style=\"width: 81.794px; text-align: left; height: 5px;\"><span style=\"color: #ff0000;\"><strong>Jour d&rsquo;ouverture des Agences<\/strong><\/span><\/td>\n<td style=\"width: 81.794px; text-align: left; height: 5px;\"><span style=\"color: #ff0000;\"><strong>Horaires d&rsquo;ouverture et de fermeture des agences<\/strong><\/span><\/td>\n<\/tr>\n<tr style=\"height: 11px;\">\n<td style=\"width: 70.9607px; height: 764px;\" rowspan=\"5\">S\u00e9n\u00e9gal<\/td>\n<td style=\"width: 74.0046px; height: 166px;\">\u00a0Service Client<\/td>\n<td style=\"width: 96.9097px; text-align: center; height: 166px;\">N\/A<\/td>\n<td style=\"width: 112.292px; height: 166px;\">\n<p>+221301151515<\/p>\n<p>+ 33 1 88 61 88 61<\/p>\n<p>+1 646 569 9219<\/p>\n<\/td>\n<td style=\"width: 222.523px; height: 166px;\">\u00a0<a href=\"mailto:serviceclient@airsenegalsa.sn\">serviceclient@airsenegalsa.sn<\/a><\/td>\n<td style=\"width: 81.794px; height: 166px;\">\n<p style=\"text-align: center;\">7\/7<\/p>\n<\/td>\n<td style=\"width: 81.794px; height: 166px;\">\n<p style=\"text-align: center;\">24\/24<\/p>\n<\/td>\n<\/tr>\n<tr style=\"height: 51px;\">\n<td style=\"width: 74.0046px; height: 51px;\">Agence\u00a0 \u00a0Rotonde<\/td>\n<td style=\"width: 96.9097px; height: 51px;\">Rue Amadou Assane Ndoye\u00a0 Immeuble Rotonde<\/td>\n<td style=\"width: 112.292px; text-align: center; height: 51px;\">\u00a0N\/A<\/td>\n<td style=\"width: 222.523px; height: 51px;\"><a href=\"mailto:cto@airsenegalsa.sn\">cto@airsenegalsa.sn<\/a><\/td>\n<td style=\"width: 81.794px; height: 51px;\">\u2018Lundi-Samedi\u2019<\/td>\n<td style=\"width: 81.794px; height: 51px;\">\n<p>08h30-17h30<\/p>\n<p>Vendredi Pause:13H-14h30\u00a0 Samedi: 09h-13h<\/p>\n<\/td>\n<\/tr>\n<tr style=\"height: 151px;\">\n<td style=\"width: 74.0046px; height: 151px;\">\u00a0Agence\u00a0 \u00a0A\u00e9roport<\/td>\n<td style=\"width: 96.9097px; height: 151px;\">A\u00e9roport International Blaise Diagne de DIASS<\/td>\n<td style=\"width: 112.292px; text-align: center; height: 151px;\">N\/A<\/td>\n<td style=\"width: 222.523px; height: 151px;\"><a href=\"mailto:groupato@airsenegalsa.sn\">groupato@airsenegalsa.sn<\/a><\/td>\n<td style=\"width: 81.794px; text-align: center; height: 151px;\">7\/7<\/td>\n<td style=\"width: 81.794px; height: 151px;\">\n<p>24\/24<\/p>\n<p>Heure de fermeture : N\/A<\/p>\n<\/td>\n<\/tr>\n<tr style=\"height: 198px;\">\n<td style=\"width: 74.0046px; height: 198px;\">\u00a0Agence Air\u00a0 \u00a0S\u00e9n\u00e9gal<\/td>\n<td style=\"width: 96.9097px; height: 198px;\">A\u00e9roport de Cap Skirring<\/td>\n<td style=\"width: 112.292px; text-align: center; height: 198px;\">N\/A<\/td>\n<td style=\"width: 222.523px; height: 198px;\"><a href=\"mailto:zig@airsenegalsa.sn\">\u00a0zig@airsenegalsa.sn<\/a><\/td>\n<td style=\"width: 81.794px; text-align: center; height: 198px;\">7\/7<\/td>\n<td style=\"width: 81.794px; height: 198px;\">\n<p>Heure d\u2019ouverture : 09H00<\/p>\n<p>Heure de fermeture :18H00<\/p>\n<\/td>\n<\/tr>\n<tr style=\"height: 198px;\">\n<td style=\"width: 74.0046px; height: 198px;\">\u00a0Agence Air S\u00e9n\u00e9gal<\/td>\n<td style=\"width: 96.9097px; height: 198px;\">A\u00e9roport de Ziguinchor (Actuellement ferm\u00e9 pour r\u00e9novation)<\/td>\n<td style=\"width: 112.292px; text-align: center; height: 198px;\">N\/A<\/td>\n<td style=\"width: 222.523px; height: 198px;\"><a href=\"mailto:zig@airsenegalsa.sn\">\u00a0zig@airsenegalsa.sn<\/a><\/td>\n<td style=\"width: 81.794px; text-align: center; height: 198px;\">7\/7<\/td>\n<td style=\"width: 81.794px; height: 198px;\">\n<p>Heure d\u2019ouverture : 09H00<\/p>\n<p>Heure de fermeture :18H00<\/p>\n<\/td>\n<\/tr>\n<tr style=\"height: 11px;\">\n<td style=\"width: 70.9607px; height: 11px;\">France<\/td>\n<td style=\"width: 74.0046px; height: 11px;\">\u00a0<\/td>\n<td style=\"width: 96.9097px; height: 11px;\">\u00a0<\/td>\n<td style=\"width: 112.292px; height: 11px; text-align: center;\">+33 1 53 43 33 99<\/td>\n<td style=\"width: 222.523px; height: 11px;\"><a href=\"mailto:sales.france@airsenegalsa.sn\">sales.france@airsenegalsa.sn<\/a><\/td>\n<td style=\"width: 81.794px; height: 11px;\">\u00a0<\/td>\n<td style=\"width: 81.794px; height: 11px;\">\u00a0<\/td>\n<\/tr>\n<tr>\n<td style=\"width: 70.9607px;\">Maroc<\/td>\n<td style=\"width: 74.0046px;\">Agence Air S\u00e9n\u00e9gal Casablanca<\/td>\n<td style=\"width: 96.9097px;\">42 BD Abdelmoumen Immeuble Walili Street 5eme \u00e9tage Casablanca<\/td>\n<td style=\"width: 112.292px; text-align: center;\">+212 52 22 50 073<\/td>\n<td style=\"width: 222.523px;\"><a href=\"cto.casablanca@airsenegalsa.sn\">cto.casablanca@airsenegalsa.sn<\/a><\/td>\n<td style=\"width: 81.794px;\">\u00a0<\/td>\n<td style=\"width: 81.794px;\">\u00a0<\/td>\n<\/tr>\n<tr style=\"height: 11px;\">\n<td style=\"width: 70.9607px; height: 11px;\">Italie<\/td>\n<td style=\"width: 74.0046px; height: 11px;\">\u00a0<\/td>\n<td style=\"width: 96.9097px; height: 11px;\">\u00a0<\/td>\n<td style=\"width: 112.292px; height: 11px;\">\n<p style=\"text-align: center;\">+39 (02)43458387<\/p>\n<p style=\"text-align: center;\">+39(02)43458340<\/p>\n<\/td>\n<td style=\"width: 222.523px; height: 11px;\"><a href=\"mailto:sales.italia@airsenegalsa.sn\">sales.italia@airsenegalsa.sn<\/a><\/td>\n<td style=\"width: 81.794px; height: 11px;\">\u00a0<\/td>\n<td style=\"width: 81.794px; height: 11px;\">\u00a0<\/td>\n<\/tr>\n<tr style=\"height: 11px;\">\n<td style=\"width: 70.9607px; height: 10px; text-align: left;\">Espagne<\/td>\n<td style=\"width: 74.0046px; text-align: left; height: 10px;\">\u00a0<\/td>\n<td style=\"width: 96.9097px; text-align: left; height: 10px;\">\u00a0<\/td>\n<td style=\"width: 112.292px; height: 10px;\">\n<p style=\"text-align: center;\">+ 34 91 344 17 26<\/p>\n<p style=\"text-align: center;\">+ 34 91 562 54 96<\/p>\n<\/td>\n<td style=\"width: 222.523px; height: 10px;\"><a href=\"mailto:sales.espagne@airsenegalsa.sn\">sales.espagne@airsenegalsa.sn<\/a><\/td>\n<td style=\"width: 81.794px; height: 10px;\">\u00a0<\/td>\n<td style=\"width: 81.794px; height: 10px;\">\u00a0<\/td>\n<\/tr>\n<tr style=\"height: 11px;\">\n<td style=\"width: 70.9607px; height: 11px;\">Mali<\/td>\n<td style=\"width: 74.0046px; height: 11px;\">\u00a0<\/td>\n<td style=\"width: 96.9097px; height: 11px;\">\u00a0<\/td>\n<td style=\"width: 112.292px; height: 11px; text-align: center;\">+223 202 221 00<\/td>\n<td style=\"width: 222.523px; height: 11px;\"><a href=\"mailto:sales.mali@airsenegalsa.sn\">sales.mali@airsenegalsa.sn<\/a><\/td>\n<td style=\"width: 81.794px; height: 11px;\">\u00a0<\/td>\n<td style=\"width: 81.794px; height: 11px;\">\u00a0<\/td>\n<\/tr>\n<tr style=\"height: 11px;\">\n<td style=\"width: 70.9607px; height: 11px;\">Mauritanie<\/td>\n<td style=\"width: 74.0046px; height: 11px;\">\u00a0<\/td>\n<td style=\"width: 96.9097px; height: 11px;\">\u00a0<\/td>\n<td style=\"width: 112.292px; height: 11px; text-align: center;\">+222 45 2512 09<\/td>\n<td style=\"width: 222.523px; height: 11px;\"><a href=\"mailto:sales.mauritanie@airsenegalsa.sn\">sales.mauritanie@airsenegalsa.sn<\/a><\/td>\n<td style=\"width: 81.794px; height: 11px;\">\u00a0<\/td>\n<td style=\"width: 81.794px; height: 11px;\">\u00a0<\/td>\n<\/tr>\n<tr style=\"height: 11px;\">\n<td style=\"width: 70.9607px; height: 11px;\">Gambie<\/td>\n<td style=\"width: 74.0046px; height: 11px;\">\u00a0<\/td>\n<td style=\"width: 96.9097px; height: 11px;\">\u00a0<\/td>\n<td style=\"width: 112.292px; height: 11px; text-align: center;\">+220 437 79 34<\/td>\n<td style=\"width: 222.523px; height: 11px;\"><a href=\"mailto:sales.gambia@airsenegalsa.sn\">sales.gambia@airsenegalsa.sn<\/a><\/td>\n<td style=\"width: 81.794px; height: 11px;\">\u00a0<\/td>\n<td style=\"width: 81.794px; height: 11px;\">\u00a0<\/td>\n<\/tr>\n<tr style=\"height: 11px;\">\n<td style=\"width: 70.9607px; height: 11px; text-align: left;\">\u00c9tats-Unis<\/td>\n<td style=\"width: 74.0046px; text-align: left; height: 11px;\">\u00a0<\/td>\n<td style=\"width: 96.9097px; text-align: left; height: 11px;\">\u00a0<\/td>\n<td style=\"width: 112.292px; height: 11px; text-align: center;\">\n<p>+1 (201) 484-8036<\/p>\n<p>+1 877 411-9134<\/p>\n<\/td>\n<td style=\"width: 222.523px; height: 11px;\"><a href=\"mailto:sales.usa@airsenegalsa.sn\">sales.usa@airsenegalsa.sn<\/a><\/td>\n<td style=\"width: 81.794px; height: 11px;\">\u00a0<\/td>\n<td style=\"width: 81.794px; height: 11px;\">\u00a0<\/td>\n<\/tr>\n<tr style=\"height: 11px;\">\n<td style=\"width: 70.9607px; height: 11px;\">B\u00e9nin<\/td>\n<td style=\"width: 74.0046px; height: 11px;\">\u00a0<\/td>\n<td style=\"width: 96.9097px; height: 11px;\">\u00a0<\/td>\n<td style=\"width: 112.292px; height: 11px; text-align: center;\">+229 52935393<\/td>\n<td style=\"width: 222.523px; height: 11px;\"><a href=\"mailto:sales.benin@airsenegalsa.sn\">sales.benin@airsenegalsa.sn<\/a><\/td>\n<td style=\"width: 81.794px; height: 11px;\">\u00a0<\/td>\n<td style=\"width: 81.794px; height: 11px;\">\u00a0<\/td>\n<\/tr>\n<tr style=\"height: 11px;\">\n<td style=\"width: 70.9607px; height: 11px;\">Guin\u00e9e Conakry<\/td>\n<td style=\"width: 74.0046px; height: 11px;\">\u00a0<\/td>\n<td style=\"width: 96.9097px; height: 11px;\">\u00a0<\/td>\n<td style=\"width: 112.292px; height: 11px; text-align: center;\">+224 626 27 27 27<\/td>\n<td style=\"width: 222.523px; height: 11px;\"><a href=\"mailto:sales.conakry@airsenegalsa.sn\">sales.conakry@airsenegalsa.sn<\/a><\/td>\n<td style=\"width: 81.794px; height: 11px;\">\u00a0<\/td>\n<td style=\"width: 81.794px; height: 11px;\">\u00a0<\/td>\n<\/tr>\n<tr style=\"height: 11px;\">\n<td style=\"width: 70.9607px; height: 11px;\">Praia<\/td>\n<td style=\"width: 74.0046px; height: 11px;\">\u00a0<\/td>\n<td style=\"width: 96.9097px; height: 11px;\">\u00a0<\/td>\n<td style=\"width: 112.292px; height: 11px;\">+238 997 05 72 +238 978 99 29 +238 978 59 44<\/td>\n<td style=\"width: 222.523px; height: 11px;\"><a href=\"mailto:sales.praia@airsenegalsa.sn\">sales.praia@airsenegalsa.sn<\/a><\/td>\n<td style=\"width: 81.794px; height: 11px;\">\u00a0<\/td>\n<td style=\"width: 81.794px; height: 11px;\">\u00a0<\/td>\n<\/tr>\n<tr style=\"height: 11px;\">\n<td style=\"width: 70.9607px; height: 11px;\">Bissau<\/td>\n<td style=\"width: 74.0046px; height: 11px;\">\u00a0<\/td>\n<td style=\"width: 96.9097px; height: 11px;\">\u00a0<\/td>\n<td style=\"width: 112.292px; height: 11px; text-align: center;\">+245 956577349<\/td>\n<td style=\"width: 222.523px; height: 11px;\"><a href=\"mailto:sales.bissau@airsenegalsa.sn\">sales.bissau@airsenegalsa.sn<\/a><\/td>\n<td style=\"width: 81.794px; height: 11px;\">\u00a0<\/td>\n<td style=\"width: 81.794px; height: 11px;\">\u00a0<\/td>\n<\/tr>\n<tr style=\"height: 11px;\">\n<td style=\"width: 70.9607px; height: 10px; text-align: left;\">Cote d&rsquo;Ivoire<\/td>\n<td style=\"width: 74.0046px; text-align: left; height: 10px;\">Air Senegal<\/td>\n<td style=\"width: 96.9097px; text-align: left; height: 10px;\">Immeuble Nabil &#8211; Rue du commerce &#8211; Plateau Abidjan &#8211; CI<\/td>\n<td style=\"width: 112.292px; height: 10px;\">\n<p>+2252724351049<\/p>\n<p>+2252724351051<\/p>\n<p>+2252724351052<\/p>\n<p>+2252724351053<\/p>\n<\/td>\n<td style=\"width: 222.523px; height: 10px;\"><a href=\"mailto:sales.cotedivoire@airsenegalsa.sn\">sales.cotedivoire@airsenegalsa.sn<\/a><\/td>\n<td style=\"width: 81.794px; height: 10px;\">\u00a0<\/td>\n<td style=\"width: 81.794px; height: 10px;\">\u00a0<\/td>\n<\/tr>\n<tr style=\"height: 47px;\">\n<td style=\"width: 70.9607px; text-align: left; height: 47px;\">Sierra Leone<\/td>\n<td style=\"width: 74.0046px; text-align: left; height: 47px;\">\u00a0<\/td>\n<td style=\"width: 96.9097px; text-align: left; height: 47px;\">\u00a0<\/td>\n<td style=\"width: 112.292px; text-align: center; height: 47px;\">\u00a0+232 783 63675\u00a0 +232 883 63675<\/td>\n<td style=\"width: 222.523px; height: 47px;\"><a href=\"mailto:sales.sierraleone@airsenegalsa.sn\">sales.sierraleone@airsenegalsa.sn<\/a><\/td>\n<td style=\"width: 81.794px; height: 47px;\">\u00a0<\/td>\n<td style=\"width: 81.794px; height: 47px;\">\u00a0<\/td>\n<\/tr>\n<\/tbody>\n<\/table>\n<p style=\"text-align: center;\">[\/et_pb_text][\/et_pb_column][\/et_pb_row][\/et_pb_section]<\/p>\n","protected":false},"excerpt":{"rendered":"<p>LIENS UTILES Programme T\u00e9ranga Document de voyages enregistrement en ligne &nbsp;informations utilescontacts utiles Programme T\u00e9ranga Cargo\/FretNous sommes \u00e0 votre enti\u00e8re disposition 24h\/24 et 7j\/7 FAQ\u00a0 \u00a0 \u00a0 \u00a0POSEZ UNE\u00a0 \u00a0QUESTIONNos agences \u00e0 travers le monde Pays Nom de l&rsquo;Agence Adresse Physique \u00a0 \u00a0 \u00a0 num\u00e9ros mails Jour d&rsquo;ouverture des Agences Horaires d&rsquo;ouverture et de fermeture [&hellip;]<\/p>\n","protected":false},"author":3,"featured_media":0,"parent":0,"menu_order":0,"comment_status":"closed","ping_status":"closed","template":"","meta":{"_et_pb_use_builder":"on","_et_pb_old_content":"","_et_gb_content_width":"","footnotes":"","_links_to":"","_links_to_target":""},"class_list":["post-43037","page","type-page","status-publish","hentry"],"_links":{"self":[{"href":"https:\/\/flyairsenegal.com\/mobile\/wp-json\/wp\/v2\/pages\/43037","targetHints":{"allow":["GET"]}}],"collection":[{"href":"https:\/\/flyairsenegal.com\/mobile\/wp-json\/wp\/v2\/pages"}],"about":[{"href":"https:\/\/flyairsenegal.com\/mobile\/wp-json\/wp\/v2\/types\/page"}],"author":[{"embeddable":true,"href":"https:\/\/flyairsenegal.com\/mobile\/wp-json\/wp\/v2\/users\/3"}],"replies":[{"embeddable":true,"href":"https:\/\/flyairsenegal.com\/mobile\/wp-json\/wp\/v2\/comments?post=43037"}],"version-history":[{"count":27,"href":"https:\/\/flyairsenegal.com\/mobile\/wp-json\/wp\/v2\/pages\/43037\/revisions"}],"predecessor-version":[{"id":84060,"href":"https:\/\/flyairsenegal.com\/mobile\/wp-json\/wp\/v2\/pages\/43037\/revisions\/84060"}],"wp:attachment":[{"href":"https:\/\/flyairsenegal.com\/mobile\/wp-json\/wp\/v2\/media?parent=43037"}],"curies":[{"name":"wp","href":"https:\/\/api.w.org\/{rel}","templated":true}]}}