{"id":43020,"date":"2021-10-12T17:13:11","date_gmt":"2021-10-12T15:13:11","guid":{"rendered":"https:\/\/flyairsenegal.com\/mobile\/?page_id=43020"},"modified":"2024-01-08T13:56:47","modified_gmt":"2024-01-08T12:56:47","slug":"conditions-generales","status":"publish","type":"page","link":"https:\/\/flyairsenegal.com\/mobile\/conditions-generales\/","title":{"rendered":"Conditions G\u00e9n\u00e9rales"},"content":{"rendered":"<p>[et_pb_section fb_built=\u00a0\u00bb1&Prime; _builder_version=\u00a0\u00bb4.9.11&Prime; _module_preset=\u00a0\u00bbdefault\u00a0\u00bb da_disable_devices=\u00a0\u00bboff|off|off\u00a0\u00bb global_colors_info=\u00a0\u00bb{}\u00a0\u00bb da_is_popup=\u00a0\u00bboff\u00a0\u00bb da_exit_intent=\u00a0\u00bboff\u00a0\u00bb da_has_close=\u00a0\u00bbon\u00a0\u00bb da_alt_close=\u00a0\u00bboff\u00a0\u00bb da_dark_close=\u00a0\u00bboff\u00a0\u00bb da_not_modal=\u00a0\u00bbon\u00a0\u00bb da_is_singular=\u00a0\u00bboff\u00a0\u00bb da_with_loader=\u00a0\u00bboff\u00a0\u00bb da_has_shadow=\u00a0\u00bbon\u00a0\u00bb][et_pb_row _builder_version=\u00a0\u00bb4.9.11&Prime; _module_preset=\u00a0\u00bbdefault\u00a0\u00bb global_colors_info=\u00a0\u00bb{}\u00a0\u00bb][et_pb_column type=\u00a0\u00bb4_4&Prime; _builder_version=\u00a0\u00bb4.9.11&Prime; _module_preset=\u00a0\u00bbdefault\u00a0\u00bb global_colors_info=\u00a0\u00bb{}\u00a0\u00bb][et_pb_text _builder_version=\u00a0\u00bb4.9.11&Prime; _module_preset=\u00a0\u00bbdefault\u00a0\u00bb text_font=\u00a0\u00bb|800||on|||||\u00a0\u00bb text_text_color=\u00a0\u00bb#ffffff\u00a0\u00bb background_color=\u00a0\u00bb#C11315&Prime; text_orientation=\u00a0\u00bbcenter\u00a0\u00bb global_colors_info=\u00a0\u00bb{}\u00a0\u00bb]<\/p>\n<p>conditions g\u00e9n\u00e9rales<\/p>\n<p>[\/et_pb_text][et_pb_text _builder_version=\u00a0\u00bb4.9.11&Prime; _module_preset=\u00a0\u00bbdefault\u00a0\u00bb custom_padding=\u00a0\u00bb||0px|||\u00a0\u00bb global_colors_info=\u00a0\u00bb{}\u00a0\u00bb]<\/p>\n<p style=\"text-align: justify;\">L\u2019utilisation du site\u00a0<a href=\"https:\/\/flyairsenegal.com\/\">https:\/\/flyairsenegal.com<\/a>\u00a0ou l\u2019achat \u00e0 travers ce site, sont soumis \u00e0 des conditions d\u2019utilisation du site ainsi qu\u2019\u00e0 des conditions g\u00e9n\u00e9rales de vente que nous vous recommandons de lire attentivement, avant d\u2019effectuer un achat en ligne.<\/p>\n<p style=\"text-align: justify;\"><a href=\"https:\/\/flyairsenegal.com\/mobile\/wp-content\/uploads\/2024\/01\/CONDITIONS-GENERALES-DE-TRANSPORT-_-PASSAGERS-ET-BAGAGES-AIR-SENEGAL.pdf\" target=\"_blank\" rel=\"noopener noreferrer\">Lire les conditions g\u00e9n\u00e9rales<\/a><\/p>\n<p style=\"text-align: justify;\">Nous vous rappelons que le transport a\u00e9rien de personnes est soumis aux conditions g\u00e9n\u00e9rales de transport consultables sur notre site.<\/p>\n<p style=\"text-align: justify;\">En achetant un billet aller et retour, les conditions tarifaires de la classe la plus restrictive s\u2019appliquent sur tout le parcours pour toute demande de remboursement.<\/p>\n<p>[\/et_pb_text][\/et_pb_column][\/et_pb_row][\/et_pb_section]<\/p>\n","protected":false},"excerpt":{"rendered":"<p>conditions g\u00e9n\u00e9ralesL\u2019utilisation du site\u00a0https:\/\/flyairsenegal.com\u00a0ou l\u2019achat \u00e0 travers ce site, sont soumis \u00e0 des conditions d\u2019utilisation du site ainsi qu\u2019\u00e0 des conditions g\u00e9n\u00e9rales de vente que nous vous recommandons de lire attentivement, avant d\u2019effectuer un achat en ligne. Lire les conditions g\u00e9n\u00e9rales Nous vous rappelons que le transport a\u00e9rien de personnes est soumis aux conditions g\u00e9n\u00e9rales [&hellip;]<\/p>\n","protected":false},"author":3,"featured_media":0,"parent":0,"menu_order":0,"comment_status":"closed","ping_status":"closed","template":"","meta":{"_et_pb_use_builder":"on","_et_pb_old_content":"","_et_gb_content_width":"","footnotes":"","_links_to":"","_links_to_target":""},"class_list":["post-43020","page","type-page","status-publish","hentry"],"_links":{"self":[{"href":"https:\/\/flyairsenegal.com\/mobile\/wp-json\/wp\/v2\/pages\/43020","targetHints":{"allow":["GET"]}}],"collection":[{"href":"https:\/\/flyairsenegal.com\/mobile\/wp-json\/wp\/v2\/pages"}],"about":[{"href":"https:\/\/flyairsenegal.com\/mobile\/wp-json\/wp\/v2\/types\/page"}],"author":[{"embeddable":true,"href":"https:\/\/flyairsenegal.com\/mobile\/wp-json\/wp\/v2\/users\/3"}],"replies":[{"embeddable":true,"href":"https:\/\/flyairsenegal.com\/mobile\/wp-json\/wp\/v2\/comments?post=43020"}],"version-history":[{"count":10,"href":"https:\/\/flyairsenegal.com\/mobile\/wp-json\/wp\/v2\/pages\/43020\/revisions"}],"predecessor-version":[{"id":83822,"href":"https:\/\/flyairsenegal.com\/mobile\/wp-json\/wp\/v2\/pages\/43020\/revisions\/83822"}],"wp:attachment":[{"href":"https:\/\/flyairsenegal.com\/mobile\/wp-json\/wp\/v2\/media?parent=43020"}],"curies":[{"name":"wp","href":"https:\/\/api.w.org\/{rel}","templated":true}]}}