{"id":39850,"date":"2021-06-30T18:18:21","date_gmt":"2021-06-30T16:18:21","guid":{"rendered":"https:\/\/flyairsenegal.com\/mobile\/?page_id=39850"},"modified":"2023-04-20T12:36:00","modified_gmt":"2023-04-20T10:36:00","slug":"create-an-account","status":"publish","type":"page","link":"https:\/\/flyairsenegal.com\/mobile\/en\/create-an-account\/","title":{"rendered":"Create an account"},"content":{"rendered":"<p>[et_pb_section fb_built=\u00a0\u00bb1&Prime; disabled_on=\u00a0\u00bboff|off|off\u00a0\u00bb _builder_version=\u00a0\u00bb4.9.7&Prime; _module_preset=\u00a0\u00bbdefault\u00a0\u00bb background_color=\u00a0\u00bb#FFFFFF\u00a0\u00bb custom_padding=\u00a0\u00bb0px||0px||true|false\u00a0\u00bb da_disable_devices=\u00a0\u00bboff|off|off\u00a0\u00bb global_colors_info=\u00a0\u00bb{}\u00a0\u00bb da_is_popup=\u00a0\u00bboff\u00a0\u00bb da_exit_intent=\u00a0\u00bboff\u00a0\u00bb da_has_close=\u00a0\u00bbon\u00a0\u00bb da_alt_close=\u00a0\u00bboff\u00a0\u00bb da_dark_close=\u00a0\u00bboff\u00a0\u00bb da_not_modal=\u00a0\u00bbon\u00a0\u00bb da_is_singular=\u00a0\u00bboff\u00a0\u00bb da_with_loader=\u00a0\u00bboff\u00a0\u00bb da_has_shadow=\u00a0\u00bbon\u00a0\u00bb][et_pb_row _builder_version=\u00a0\u00bb4.9.7&Prime; _module_preset=\u00a0\u00bbdefault\u00a0\u00bb width=\u00a0\u00bb100%\u00a0\u00bb custom_padding=\u00a0\u00bb0px||0px||true|false\u00a0\u00bb global_colors_info=\u00a0\u00bb{}\u00a0\u00bb][et_pb_column type=\u00a0\u00bb4_4&Prime; _builder_version=\u00a0\u00bb4.9.7&Prime; _module_preset=\u00a0\u00bbdefault\u00a0\u00bb global_colors_info=\u00a0\u00bb{}\u00a0\u00bb][et_pb_code _builder_version=\u00a0\u00bb4.9.11&Prime; _module_preset=\u00a0\u00bbdefault\u00a0\u00bb custom_margin=\u00a0\u00bb||0px||false|false\u00a0\u00bb custom_padding=\u00a0\u00bb0px||0px||true|false\u00a0\u00bb hover_enabled=\u00a0\u00bb0&Prime; global_colors_info=\u00a0\u00bb{}\u00a0\u00bb sticky_enabled=\u00a0\u00bb0&Prime;]<iframe style=\"height: 100vh; width: 100%;\" title=\"S'inscrire au programme de fid\u00e9lit\u00e9 de Air S\u00e9n\u00e9gal\" src=\"https:\/\/ffhc.loyaltyplus.aero\/hcloyalty\/register.jsf?lang=en\"><\/iframe>[\/et_pb_code][\/et_pb_column][\/et_pb_row][\/et_pb_section]<\/p>\n","protected":false},"excerpt":{"rendered":"","protected":false},"author":3,"featured_media":0,"parent":0,"menu_order":0,"comment_status":"closed","ping_status":"closed","template":"page-template-blank.php","meta":{"_et_pb_use_builder":"on","_et_pb_old_content":"","_et_gb_content_width":"","footnotes":"","_links_to":"","_links_to_target":""},"class_list":["post-39850","page","type-page","status-publish","hentry"],"_links":{"self":[{"href":"https:\/\/flyairsenegal.com\/mobile\/wp-json\/wp\/v2\/pages\/39850","targetHints":{"allow":["GET"]}}],"collection":[{"href":"https:\/\/flyairsenegal.com\/mobile\/wp-json\/wp\/v2\/pages"}],"about":[{"href":"https:\/\/flyairsenegal.com\/mobile\/wp-json\/wp\/v2\/types\/page"}],"author":[{"embeddable":true,"href":"https:\/\/flyairsenegal.com\/mobile\/wp-json\/wp\/v2\/users\/3"}],"replies":[{"embeddable":true,"href":"https:\/\/flyairsenegal.com\/mobile\/wp-json\/wp\/v2\/comments?post=39850"}],"version-history":[{"count":5,"href":"https:\/\/flyairsenegal.com\/mobile\/wp-json\/wp\/v2\/pages\/39850\/revisions"}],"predecessor-version":[{"id":80185,"href":"https:\/\/flyairsenegal.com\/mobile\/wp-json\/wp\/v2\/pages\/39850\/revisions\/80185"}],"wp:attachment":[{"href":"https:\/\/flyairsenegal.com\/mobile\/wp-json\/wp\/v2\/media?parent=39850"}],"curies":[{"name":"wp","href":"https:\/\/api.w.org\/{rel}","templated":true}]}}