{"id":12,"date":"2021-06-18T14:09:17","date_gmt":"2021-06-18T12:09:17","guid":{"rendered":"https:\/\/flyairsenegal.com\/mobile\/?page_id=12"},"modified":"2024-03-12T14:13:43","modified_gmt":"2024-03-12T13:13:43","slug":"enregistrement-en-ligne","status":"publish","type":"page","link":"https:\/\/flyairsenegal.com\/mobile\/enregistrement-en-ligne\/","title":{"rendered":"Enregistrement en ligne"},"content":{"rendered":"<p>[et_pb_section fb_built=\u00a0\u00bb1&Prime; custom_padding_last_edited=\u00a0\u00bboff|phone\u00a0\u00bb disabled_on=\u00a0\u00bboff|off|on\u00a0\u00bb _builder_version=\u00a0\u00bb4.9.11&Prime; _module_preset=\u00a0\u00bbdefault\u00a0\u00bb background_image=\u00a0\u00bbhttps:\/\/flyairsenegal.com\/mobile\/wp-content\/uploads\/2021\/11\/Surclassement.jpg\u00a0\u00bb custom_margin_last_edited=\u00a0\u00bboff|phone\u00a0\u00bb custom_padding=\u00a0\u00bb30px||30px||true|false\u00a0\u00bb da_disable_devices=\u00a0\u00bboff|off|off\u00a0\u00bb global_colors_info=\u00a0\u00bb{}\u00a0\u00bb da_is_popup=\u00a0\u00bboff\u00a0\u00bb da_exit_intent=\u00a0\u00bboff\u00a0\u00bb da_has_close=\u00a0\u00bbon\u00a0\u00bb da_alt_close=\u00a0\u00bboff\u00a0\u00bb da_dark_close=\u00a0\u00bboff\u00a0\u00bb da_not_modal=\u00a0\u00bbon\u00a0\u00bb da_is_singular=\u00a0\u00bboff\u00a0\u00bb da_with_loader=\u00a0\u00bboff\u00a0\u00bb da_has_shadow=\u00a0\u00bbon\u00a0\u00bb][et_pb_row _builder_version=\u00a0\u00bb4.9.7&Prime; _module_preset=\u00a0\u00bbdefault\u00a0\u00bb position_origin_a=\u00a0\u00bbcenter_center\u00a0\u00bb width_tablet=\u00a0\u00bb\u00a0\u00bb width_phone=\u00a0\u00bb80%\u00a0\u00bb width_last_edited=\u00a0\u00bbon|phone\u00a0\u00bb custom_margin_tablet=\u00a0\u00bb0px||0px||true|false\u00a0\u00bb custom_margin_phone=\u00a0\u00bb0px||0px||true|false\u00a0\u00bb custom_margin_last_edited=\u00a0\u00bbon|tablet\u00a0\u00bb custom_padding=\u00a0\u00bb0px||0px||true|false\u00a0\u00bb global_colors_info=\u00a0\u00bb{}\u00a0\u00bb][et_pb_column type=\u00a0\u00bb4_4&Prime; _builder_version=\u00a0\u00bb4.9.7&Prime; _module_preset=\u00a0\u00bbdefault\u00a0\u00bb global_colors_info=\u00a0\u00bb{}\u00a0\u00bb][et_pb_text _builder_version=\u00a0\u00bb4.9.11&Prime; _module_preset=\u00a0\u00bbdefault\u00a0\u00bb header_font=\u00a0\u00bb|800|||||||\u00a0\u00bb header_text_color=\u00a0\u00bb#FFFFFF\u00a0\u00bb header_line_height=\u00a0\u00bb40px\u00a0\u00bb custom_margin=\u00a0\u00bb||0px||false|false\u00a0\u00bb global_colors_info=\u00a0\u00bb{}\u00a0\u00bb]<\/p>\n<h1>Enregistrement<\/h1>\n<p>[\/et_pb_text][et_pb_image src=\u00a0\u00bbhttps:\/\/flyairsenegal.com\/mobile\/wp-content\/uploads\/2021\/06\/motif.png\u00a0\u00bb title_text=\u00a0\u00bbmotif\u00a0\u00bb _builder_version=\u00a0\u00bb4.9.7&Prime; _module_preset=\u00a0\u00bbdefault\u00a0\u00bb custom_margin=\u00a0\u00bb0px||||false|false\u00a0\u00bb custom_padding=\u00a0\u00bb0px||||false|false\u00a0\u00bb global_colors_info=\u00a0\u00bb{}\u00a0\u00bb][\/et_pb_image][\/et_pb_column][\/et_pb_row][\/et_pb_section][et_pb_section fb_built=\u00a0\u00bb1&Prime; disabled_on=\u00a0\u00bboff|off|on\u00a0\u00bb _builder_version=\u00a0\u00bb4.9.7&Prime; _module_preset=\u00a0\u00bbdefault\u00a0\u00bb custom_padding=\u00a0\u00bb50px||50px||true|false\u00a0\u00bb da_disable_devices=\u00a0\u00bboff|off|off\u00a0\u00bb global_colors_info=\u00a0\u00bb{}\u00a0\u00bb da_is_popup=\u00a0\u00bboff\u00a0\u00bb da_exit_intent=\u00a0\u00bboff\u00a0\u00bb da_has_close=\u00a0\u00bbon\u00a0\u00bb da_alt_close=\u00a0\u00bboff\u00a0\u00bb da_dark_close=\u00a0\u00bboff\u00a0\u00bb da_not_modal=\u00a0\u00bbon\u00a0\u00bb da_is_singular=\u00a0\u00bboff\u00a0\u00bb da_with_loader=\u00a0\u00bboff\u00a0\u00bb da_has_shadow=\u00a0\u00bbon\u00a0\u00bb][et_pb_row _builder_version=\u00a0\u00bb4.9.7&Prime; _module_preset=\u00a0\u00bbdefault\u00a0\u00bb custom_padding=\u00a0\u00bb0px||0px||true|false\u00a0\u00bb global_colors_info=\u00a0\u00bb{}\u00a0\u00bb][et_pb_column type=\u00a0\u00bb4_4&Prime; _builder_version=\u00a0\u00bb4.9.7&Prime; _module_preset=\u00a0\u00bbdefault\u00a0\u00bb global_colors_info=\u00a0\u00bb{}\u00a0\u00bb][et_pb_code _builder_version=\u00a0\u00bb4.9.11&Prime; _module_preset=\u00a0\u00bbdefault\u00a0\u00bb max_width=\u00a0\u00bb100%\u00a0\u00bb custom_margin=\u00a0\u00bb-10px||||false|false\u00a0\u00bb hover_enabled=\u00a0\u00bb0&Prime; global_colors_info=\u00a0\u00bb{}\u00a0\u00bb sticky_enabled=\u00a0\u00bb0&Prime;]<iframe loading=\"lazy\" src=\"https:\/\/flyairsenegal.com\/Amadeus\/book.flyairsenegal.com\/airsenegal-airshop\/checkin_refx_FR\/\" width=\"100%\" height=\"215px\" class=\"smallIframe\" frameborder=\"0\" scrolling=\"no\" data-hj-allow-iframe=\"\"><\/iframe><!-- [et_pb_line_break_holder] -->[\/et_pb_code][et_pb_text _builder_version=\u00a0\u00bb4.9.11&Prime; _module_preset=\u00a0\u00bbdefault\u00a0\u00bb header_font=\u00a0\u00bb|800|||||||\u00a0\u00bb header_text_color=\u00a0\u00bb#FFFFFF\u00a0\u00bb header_line_height=\u00a0\u00bb40px\u00a0\u00bb custom_margin=\u00a0\u00bb||||false|false\u00a0\u00bb global_colors_info=\u00a0\u00bb{}\u00a0\u00bb]<\/p>\n<p><strong><label class=\"terms-and-conditions-label\">Conditions g\u00e9n\u00e9rales<\/label><\/strong><br \/>L\u2019enregistrement est disponible sur tous les vols int\u00e9rieurs et certains vols internationaux s\u00e9lectionn\u00e9s, pour les voyageurs titulaires d\u2019un billet \u00e9lectronique confirm\u00e9 et valide.\u00a0<a href=\"https:\/\/flyairsenegal.com\/mobile\/conditions-generales\/\" target=\"_blank\" rel=\"noopener noreferrer\">En savoir plus<\/a><\/p>\n<p>[\/et_pb_text][et_pb_toggle title=\u00a0\u00bbDocument \u00e0 t\u00e9l\u00e9charger\u00a0\u00bb module_id=\u00a0\u00bbautres_services_2&Prime; module_class=\u00a0\u00bbdocuments_a_telecharger\u00a0\u00bb _builder_version=\u00a0\u00bb4.9.11&Prime; _module_preset=\u00a0\u00bbdefault\u00a0\u00bb title_text_color=\u00a0\u00bb#000000&Prime; title_font=\u00a0\u00bb|600||on|||||\u00a0\u00bb background_color=\u00a0\u00bb#FFFFFF\u00a0\u00bb custom_margin=\u00a0\u00bb||15px|||\u00a0\u00bb border_radii=\u00a0\u00bbon|10px|10px|10px|10px\u00a0\u00bb border_color_all=\u00a0\u00bb#007F38&Prime; box_shadow_style=\u00a0\u00bbpreset1&Prime; box_shadow_vertical=\u00a0\u00bb4px\u00a0\u00bb box_shadow_blur=\u00a0\u00bb30px\u00a0\u00bb box_shadow_color=\u00a0\u00bbrgba(0,0,0,0.15)\u00a0\u00bb global_colors_info=\u00a0\u00bb{}\u00a0\u00bb]<\/p>\n<p>Avant tout d\u00e9part \u00e0 l\u2019\u00e9tranger, il appartient aux passagers de v\u00e9rifier, aupr\u00e8s des autorit\u00e9s comp\u00e9tentes (ambassade ou consultat du pays de destination), qu\u2019ils sont en conformit\u00e9 avec les obligations douani\u00e8res, sanitaires et administratives du pays de destination dans lequel ils doivent s\u00e9journer.<\/p>\n<p>En effet, en fonction du pays dans lequel vous vous rendez, les formalit\u00e9s d\u2019entr\u00e9e et de s\u00e9jour diff\u00e8rent. Il en est de m\u00eame pour la nature et la date de validit\u00e9 des documents d\u2019identit\u00e9 \u00e0 fournir.<\/p>\n<p>Vous devez \u00e9galement \u00eatre munis des documents administratifs et douaniers n\u00e9cessaires \u00e0 la sortie du S\u00e9n\u00e9gal et \u00e0 l\u2019entr\u00e9e du pays de destination dans lequel vous vous rendez.<\/p>\n<h3>C\u00f4te d\u2019Ivoire<\/h3>\n<h4>Liens de t\u00e9l\u00e9chargement<\/h4>\n<p>D\u00e9claration de d\u00e9placement : <a href=\"https:\/\/deplacement-aerien.gouv.ci\/#\/\u200b\" target=\"_blank\" rel=\"noopener\">www.deplacement-aerien.gouv.ci<\/a><\/p>\n<h3>Mali<\/h3>\n<h4>Liens de t\u00e9l\u00e9chargement<\/h4>\n<p><a href=\"https:\/\/www.anac-gov.org\/\" target=\"_blank\" rel=\"noopener\">www.anac-gov.org<\/a><\/p>\n<h3>Espagne<\/h3>\n<h4>Liens de t\u00e9l\u00e9chargement<\/h4>\n<p><a href=\"https:\/\/www.spth.gob.es\/create\" target=\"_blank\" rel=\"noopener\">www.spth.gob.es\/create<\/a><\/p>\n<h3>Maroc<\/h3>\n<h4>Liens de t\u00e9l\u00e9chargement:<\/h4>\n<p><a href=\"https:\/\/www.onda.ma\/form.php\" target=\"_blank\" rel=\"noopener\">www.onda.ma<\/a><\/p>\n<h3>Gabon<\/h3>\n<h4>Liens de t\u00e9l\u00e9chargement<\/h4>\n<p><a href=\"https:\/\/www.dgdi.ga\/titresetdocuments\/\" target=\"_blank\" rel=\"noopener\">www.dgdi.ga<\/a><\/p>\n<p><a href=\"https:\/\/dgdi.ga\/wp-content\/uploads\/2015\/05\/NDAE.pdf?x47048\">Demande d\u2019autorisation d\u2019entr\u00e9e<\/a><\/p>\n<h3>Guin\u00e9e Conakry<\/h3>\n<h4>Liens de t\u00e9l\u00e9chargement<\/h4>\n<p><a href=\"https:\/\/alsvisa.com\/wp-content\/uploads\/Formulaire-Guin%C3%A9e-Conakry.pdf\" target=\"_blank\" rel=\"noopener\">Demande d\u2019autorisation d\u2019entr\u00e9e en R\u00e9publique de Guin\u00e9e<\/a><\/p>\n<h3>B\u00e9nin<\/h3>\n<h4>Liens de t\u00e9l\u00e9chargement<\/h4>\n<p><a href=\"https:\/\/www.surveillancesanitaire.bj\/\" target=\"_blank\" rel=\"noopener\">www.surveillancesanitaire.bj<\/a><\/p>\n<h3>S\u00e9n\u00e9gal<\/h3>\n<h4>Liens de t\u00e9l\u00e9chargement<\/h4>\n<p><a href=\"https:\/\/www.dakaraeroport.com\/formulaire-de-localisation-de-passager-pour-la-sante-publique\/\">www.dakaraeroport.com<\/a><\/p>\n<p>D\u00e9claration sur l\u2019honneur en cas de non r\u00e9alisation d\u2019un test PCR\u00a0:<\/p>\n<p><a href=\"https:\/\/www.royalairmaroc.com\/documents\/20195\/53057329\/Senegal_Formulaire_de_localisation_de_passager_pour_la_sante_publique.pdf\" target=\"_blank\" rel=\"noopener\">Formulaire de localisation de passager pour la sant\u00e9 publique<\/a><\/p>\n<p><a href=\"https:\/\/www.royalairmaroc.com\/documents\/20195\/53057329\/Senegal_Declaration_sur_honneur_Senegal.pdf\">D\u00e9claration sur l\u2019honneur<\/a><\/p>\n<p><a href=\"https:\/\/www.royalairmaroc.com\/documents\/20195\/53057329\/Senegal_Formulaire_de_localisation_de_passager_pour_la_sante_publique2.pdf\">Formulaire de localisation de passager pour la sant\u00e9 publique<\/a><\/p>\n<h3>Cameroun<\/h3>\n<h4>Liens de t\u00e9l\u00e9chargement<\/h4>\n<p><a href=\"https:\/\/www.drspl.net\/\" target=\"_blank\" rel=\"noopener\">www.drspl.net<\/a><\/p>\n<h3>France<\/h3>\n<h4>Liens de t\u00e9l\u00e9chargement<\/h4>\n<p><a href=\"https:\/\/www.who.int\/ihr\/PLC.pdf?ua=1\" target=\"_blank\" rel=\"noopener\">www.who.int<\/a><\/p>\n<p><a href=\"https:\/\/www.interieur.gouv.fr\/Actualites\/L-actu-du-Ministere\/Attestation-de-deplacement-et-de-voyage\">www.interieur.gouv.fr<\/a><\/p>\n<h3>Cap vert<\/h3>\n<h4>Liens de t\u00e9l\u00e9chargement<\/h4>\n<p><a href=\"https:\/\/survey123.arcgis.com\/share\/af3188749dbe4bfe898deca41009a72c\" target=\"_blank\" rel=\"noopener\">Formulaire de surveillance sanitaire<\/a><\/p>\n<h3>C\u00f4te d\u2019Ivoire<\/h3>\n<h4>Liens de t\u00e9l\u00e9chargement<\/h4>\n<p>D\u00e9claration de d\u00e9placement : <a href=\"https:\/\/deplacement-aerien.gouv.ci\/#\/\u200b\" target=\"_blank\" rel=\"noopener\">www.deplacement-aerien.gouv.ci<\/a><\/p>\n<h3>Mauritanie<\/h3>\n<h4>Liens de t\u00e9l\u00e9chargement<\/h4>\n<p><span class=\"aptsstitreinp\">Nationalit\u00e9s exempt\u00e9es de visa\u00a0:<\/span>\u00a0Alg\u00e9rie, C\u00f4te d\u2019Ivoire, Gambie, Libye, Mali, Niger, S\u00e9n\u00e9gal, Syrie, Tunisie.<\/p>\n<p><a href=\"https:\/\/ambarimparis.fr\/wp-content\/uploads\/2018\/03\/Scan0031-2.pdf\" target=\"_blank\" rel=\"noopener\">Formulaire de demande de visa<\/a><\/p>\n<p>[\/et_pb_toggle][et_pb_toggle title=\u00a0\u00bbTout savoir sur l&rsquo;enregistrement \u00e0 l&rsquo;a\u00e9roport\u00a0\u00bb open_toggle_background_color=\u00a0\u00bb#FFFFFF\u00a0\u00bb closed_toggle_background_color=\u00a0\u00bb#FFFFFF\u00a0\u00bb module_id=\u00a0\u00bbtout_savoir_sur\u00a0\u00bb _builder_version=\u00a0\u00bb4.9.11&Prime; _module_preset=\u00a0\u00bbdefault\u00a0\u00bb title_text_color=\u00a0\u00bb#C11315&Prime; title_font=\u00a0\u00bb|700|||||||\u00a0\u00bb body_text_color=\u00a0\u00bb#000000&Prime; background_color=\u00a0\u00bb#FFFFFF\u00a0\u00bb custom_margin=\u00a0\u00bb||0px||false|false\u00a0\u00bb custom_css_main_element=\u00a0\u00bbbackground-color\/#fff;\u00a0\u00bb border_radii=\u00a0\u00bbon|10px|10px|10px|10px\u00a0\u00bb border_color_all=\u00a0\u00bb#007F38&Prime; box_shadow_style=\u00a0\u00bbpreset1&Prime; box_shadow_vertical=\u00a0\u00bb4px\u00a0\u00bb box_shadow_blur=\u00a0\u00bb30px\u00a0\u00bb box_shadow_color=\u00a0\u00bbrgba(0,0,0,0.15)\u00a0\u00bb global_colors_info=\u00a0\u00bb{}\u00a0\u00bb]<\/p>\n<blockquote>\n<p style=\"text-align: justify;\">Pour obtenir votre carte d\u2019embarquement, vous devez pr\u00e9senter un document d\u2019identit\u00e9 (passeport ou carte d\u2019identit\u00e9 utilis\u00e9 au moment o\u00f9 la r\u00e9servation a \u00e9t\u00e9 effectu\u00e9e).<\/p>\n<\/blockquote>\n<p style=\"text-align: justify;\"><span lang=\"fr-SN\" data-ogsc=\"rgb(0, 112, 192)\" data-ogsb=\"white\">Pour voyager en toute s\u00e9r\u00e9nit\u00e9, vous \u00eates invit\u00e9 (e) \u00e0 vous pr\u00e9senter au comptoir d\u2019enregistrement,\u00a0<b data-ogsc=\"\">4 heures<\/b>\u00a0avant l\u2019heure de d\u00e9part de votre vol intercontinental (Europe, USA&#8230;), et\u00a0<b data-ogsc=\"\">2 heures<\/b>\u00a0au moins, avant l\u2019heure de d\u00e9part de vos vols r\u00e9gionaux et domestiques (Afrique, S\u00e9n\u00e9gal&#8230;).\u00a0\u00bb<\/span><\/p>\n<blockquote>\n<p><span lang=\"fr-SN\" data-ogsc=\"rgb(0, 112, 192)\">L\u2019enregistrement sera ferm\u00e9 <b data-ogsc=\"\">1H30\u00a0<\/b>au moins avant le d\u00e9part pour les vols intercontinentaux, et\u00a0<b data-ogsc=\"\">1H avant le d\u00e9part\u00a0<\/b>pour les vols r\u00e9gionaux et domestiques.<\/span><\/p>\n<\/blockquote>\n<p style=\"text-align: justify;\"><span style=\"color: #c11315;\"><strong>IMPORTANT :<\/strong><\/span> afin de garantir la ponctualit\u00e9 des vols, aucun passager ne sera accept\u00e9 \u00e0 l\u2019enregistrement en de\u00e7\u00e0 des d\u00e9lais mentionn\u00e9s<\/p>\n<p>[\/et_pb_toggle][\/et_pb_column][\/et_pb_row][\/et_pb_section][et_pb_section fb_built=\u00a0\u00bb1&Prime; disabled_on=\u00a0\u00bbon|on|on\u00a0\u00bb admin_label=\u00a0\u00bbSection\u00a0\u00bb _builder_version=\u00a0\u00bb4.9.7&Prime; _module_preset=\u00a0\u00bbdefault\u00a0\u00bb background_color=\u00a0\u00bb#FFFEF1&Prime; z_index=\u00a0\u00bb0&Prime; custom_padding=\u00a0\u00bb50px||50px||true|\u00a0\u00bb da_disable_devices=\u00a0\u00bboff|off|off\u00a0\u00bb disabled=\u00a0\u00bbon\u00a0\u00bb locked=\u00a0\u00bboff\u00a0\u00bb global_colors_info=\u00a0\u00bb{}\u00a0\u00bb da_is_popup=\u00a0\u00bboff\u00a0\u00bb da_exit_intent=\u00a0\u00bboff\u00a0\u00bb da_has_close=\u00a0\u00bbon\u00a0\u00bb da_alt_close=\u00a0\u00bboff\u00a0\u00bb da_dark_close=\u00a0\u00bboff\u00a0\u00bb da_not_modal=\u00a0\u00bbon\u00a0\u00bb da_is_singular=\u00a0\u00bboff\u00a0\u00bb da_with_loader=\u00a0\u00bboff\u00a0\u00bb da_has_shadow=\u00a0\u00bbon\u00a0\u00bb][et_pb_row _builder_version=\u00a0\u00bb4.9.7&Prime; _module_preset=\u00a0\u00bbdefault\u00a0\u00bb custom_padding=\u00a0\u00bb0px||0px||true|false\u00a0\u00bb global_colors_info=\u00a0\u00bb{}\u00a0\u00bb][et_pb_column type=\u00a0\u00bb4_4&Prime; _builder_version=\u00a0\u00bb4.9.7&Prime; _module_preset=\u00a0\u00bbdefault\u00a0\u00bb global_colors_info=\u00a0\u00bb{}\u00a0\u00bb][et_pb_text _builder_version=\u00a0\u00bb4.9.7&Prime; _module_preset=\u00a0\u00bbdefault\u00a0\u00bb text_font=\u00a0\u00bb|600|||||||\u00a0\u00bb text_text_color=\u00a0\u00bb#000000&Prime; header_2_font=\u00a0\u00bb|800||on|||||\u00a0\u00bb global_colors_info=\u00a0\u00bb{}\u00a0\u00bb]Commencez une nouvelle aventure[\/et_pb_text][et_pb_text _builder_version=\u00a0\u00bb4.9.7&Prime; _module_preset=\u00a0\u00bbdefault\u00a0\u00bb text_font=\u00a0\u00bb|600|||||||\u00a0\u00bb text_text_color=\u00a0\u00bb#000000&Prime; header_2_font=\u00a0\u00bb|800||on|||||\u00a0\u00bb custom_margin=\u00a0\u00bb||0px||false|false\u00a0\u00bb global_colors_info=\u00a0\u00bb{}\u00a0\u00bb]<\/p>\n<h2>Offres du moment<\/h2>\n<p>[\/et_pb_text][et_pb_image src=\u00a0\u00bbhttps:\/\/flyairsenegal.com\/mobile\/wp-content\/uploads\/2021\/06\/motif.png\u00a0\u00bb title_text=\u00a0\u00bbmotif\u00a0\u00bb _builder_version=\u00a0\u00bb4.9.7&Prime; _module_preset=\u00a0\u00bbdefault\u00a0\u00bb custom_margin=\u00a0\u00bb0px||||false|false\u00a0\u00bb custom_padding=\u00a0\u00bb0px||||false|false\u00a0\u00bb locked=\u00a0\u00bboff\u00a0\u00bb global_colors_info=\u00a0\u00bb{}\u00a0\u00bb][\/et_pb_image][et_pb_text _builder_version=\u00a0\u00bb4.9.7&Prime; _module_preset=\u00a0\u00bbdefault\u00a0\u00bb text_text_color=\u00a0\u00bb#000000&Prime; global_colors_info=\u00a0\u00bb{}\u00a0\u00bb]<\/p>\n<p>Pour tous billets achet\u00e9s avant le 31 Octobre, profitez de cette promotion* sp\u00e9ciale pour vos voyages au d\u00e9part et \u00e0 destination de <strong>NEW YORK et WASHINGTON* !<\/strong><\/p>\n<p>Offre valable sur toutes les classes.<br \/>Date limite d\u2019\u00e9mission : 31 D\u00e9cembre 2021<\/p>\n<p>[\/et_pb_text][et_pb_image src=\u00a0\u00bbhttps:\/\/flyairsenegal.com\/mobile\/wp-content\/uploads\/2021\/08\/PROMO-BAGAGE-US-2.png\u00a0\u00bb title_text=\u00a0\u00bbPROMO-BAGAGE-US\u00a0\u00bb align=\u00a0\u00bbcenter\u00a0\u00bb _builder_version=\u00a0\u00bb4.9.7&Prime; _module_preset=\u00a0\u00bbdefault\u00a0\u00bb global_colors_info=\u00a0\u00bb{}\u00a0\u00bb][\/et_pb_image][\/et_pb_column][\/et_pb_row][\/et_pb_section][et_pb_section fb_built=\u00a0\u00bb1&Prime; disabled_on=\u00a0\u00bboff|off|on\u00a0\u00bb _builder_version=\u00a0\u00bb4.9.7&Prime; _module_preset=\u00a0\u00bbdefault\u00a0\u00bb background_image=\u00a0\u00bbhttps:\/\/flyairsenegal.com\/mobile\/wp-content\/uploads\/2021\/06\/img_background@2x.png\u00a0\u00bb custom_padding=\u00a0\u00bb50px||50px||true|false\u00a0\u00bb da_disable_devices=\u00a0\u00bboff|off|off\u00a0\u00bb global_colors_info=\u00a0\u00bb{}\u00a0\u00bb da_is_popup=\u00a0\u00bboff\u00a0\u00bb da_exit_intent=\u00a0\u00bboff\u00a0\u00bb da_has_close=\u00a0\u00bbon\u00a0\u00bb da_alt_close=\u00a0\u00bboff\u00a0\u00bb da_dark_close=\u00a0\u00bboff\u00a0\u00bb da_not_modal=\u00a0\u00bbon\u00a0\u00bb da_is_singular=\u00a0\u00bboff\u00a0\u00bb da_with_loader=\u00a0\u00bboff\u00a0\u00bb da_has_shadow=\u00a0\u00bbon\u00a0\u00bb][et_pb_row module_id=\u00a0\u00bbautres_services\u00a0\u00bb _builder_version=\u00a0\u00bb4.9.7&Prime; _module_preset=\u00a0\u00bbdefault\u00a0\u00bb custom_padding=\u00a0\u00bb0px||50px||false|false\u00a0\u00bb global_colors_info=\u00a0\u00bb{}\u00a0\u00bb][et_pb_column type=\u00a0\u00bb4_4&Prime; _builder_version=\u00a0\u00bb4.9.7&Prime; _module_preset=\u00a0\u00bbdefault\u00a0\u00bb global_colors_info=\u00a0\u00bb{}\u00a0\u00bb][et_pb_text _builder_version=\u00a0\u00bb4.9.11&Prime; _module_preset=\u00a0\u00bbdefault\u00a0\u00bb text_font=\u00a0\u00bb|600|||||||\u00a0\u00bb text_text_color=\u00a0\u00bb#000000&Prime; header_2_font=\u00a0\u00bb|800||on|||||\u00a0\u00bb custom_margin=\u00a0\u00bb||0px||false|false\u00a0\u00bb locked=\u00a0\u00bboff\u00a0\u00bb global_colors_info=\u00a0\u00bb{}\u00a0\u00bb]<\/p>\n<h2>Autres services<\/h2>\n<p>[\/et_pb_text][et_pb_image src=\u00a0\u00bbhttps:\/\/flyairsenegal.com\/mobile\/wp-content\/uploads\/2021\/06\/motif.png\u00a0\u00bb title_text=\u00a0\u00bbmotif\u00a0\u00bb _builder_version=\u00a0\u00bb4.9.7&Prime; _module_preset=\u00a0\u00bbdefault\u00a0\u00bb custom_margin=\u00a0\u00bb0px||||false|false\u00a0\u00bb custom_padding=\u00a0\u00bb0px||||false|false\u00a0\u00bb locked=\u00a0\u00bboff\u00a0\u00bb global_colors_info=\u00a0\u00bb{}\u00a0\u00bb][\/et_pb_image][\/et_pb_column][\/et_pb_row][et_pb_row module_id=\u00a0\u00bbbloc_trois_cta_1&Prime; _builder_version=\u00a0\u00bb4.9.7&Prime; _module_preset=\u00a0\u00bbdefault\u00a0\u00bb background_color=\u00a0\u00bb#FFFFFF\u00a0\u00bb custom_margin=\u00a0\u00bb||10px||false|false\u00a0\u00bb custom_padding=\u00a0\u00bb10px|20px|10px|20px|true|true\u00a0\u00bb border_radii=\u00a0\u00bbon|10px|10px|10px|10px\u00a0\u00bb border_width_all=\u00a0\u00bb1px\u00a0\u00bb border_color_all=\u00a0\u00bb#C11315&Prime; global_colors_info=\u00a0\u00bb{}\u00a0\u00bb][et_pb_column type=\u00a0\u00bb4_4&Prime; _builder_version=\u00a0\u00bb4.9.7&Prime; _dynamic_attributes=\u00a0\u00bblink_option_url\u00a0\u00bb _module_preset=\u00a0\u00bbdefault\u00a0\u00bb link_option_url=\u00a0\u00bb@ET-DC@eyJkeW5hbWljIjp0cnVlLCJjb250ZW50IjoicG9zdF9saW5rX3VybF9wYWdlIiwic2V0dGluZ3MiOnsicG9zdF9pZCI6IjM5NjQzIn19@\u00a0\u00bb global_colors_info=\u00a0\u00bb{}\u00a0\u00bb][et_pb_blurb title=\u00a0\u00bbNos meilleurs tarifs et offres\u00a0\u00bb image=\u00a0\u00bbhttps:\/\/flyairsenegal.com\/mobile\/wp-content\/uploads\/2021\/06\/icon_offres@2x.png\u00a0\u00bb icon_placement=\u00a0\u00bbleft\u00a0\u00bb _builder_version=\u00a0\u00bb4.9.11&Prime; _dynamic_attributes=\u00a0\u00bblink_option_url\u00a0\u00bb _module_preset=\u00a0\u00bbdefault\u00a0\u00bb header_font=\u00a0\u00bb|700|||||||\u00a0\u00bb header_text_color=\u00a0\u00bb#007F38&Prime; header_line_height=\u00a0\u00bb30px\u00a0\u00bb custom_padding=\u00a0\u00bb||0px||false|false\u00a0\u00bb link_option_url=\u00a0\u00bb@ET-DC@eyJkeW5hbWljIjp0cnVlLCJjb250ZW50IjoicG9zdF9saW5rX3VybF9wYWdlIiwic2V0dGluZ3MiOnsicG9zdF9pZCI6IjM5NjQzIn19@\u00a0\u00bb global_colors_info=\u00a0\u00bb{}\u00a0\u00bb][\/et_pb_blurb][\/et_pb_column][\/et_pb_row][et_pb_row module_id=\u00a0\u00bbbloc_trois_cta_2&Prime; _builder_version=\u00a0\u00bb4.9.7&Prime; _module_preset=\u00a0\u00bbdefault\u00a0\u00bb background_color=\u00a0\u00bb#FFFFFF\u00a0\u00bb custom_margin=\u00a0\u00bb||10px||false|false\u00a0\u00bb custom_padding=\u00a0\u00bb10px|20px|10px|20px|true|true\u00a0\u00bb border_radii=\u00a0\u00bbon|10px|10px|10px|10px\u00a0\u00bb border_width_all=\u00a0\u00bb1px\u00a0\u00bb border_color_all=\u00a0\u00bb#C11315&Prime; global_colors_info=\u00a0\u00bb{}\u00a0\u00bb][et_pb_column type=\u00a0\u00bb4_4&Prime; _builder_version=\u00a0\u00bb4.9.7&Prime; _dynamic_attributes=\u00a0\u00bblink_option_url\u00a0\u00bb _module_preset=\u00a0\u00bbdefault\u00a0\u00bb link_option_url=\u00a0\u00bb@ET-DC@eyJkeW5hbWljIjp0cnVlLCJjb250ZW50IjoicG9zdF9saW5rX3VybF9wYWdlIiwic2V0dGluZ3MiOnsicG9zdF9pZCI6IjM5NjkyIn19@\u00a0\u00bb global_colors_info=\u00a0\u00bb{}\u00a0\u00bb][et_pb_blurb title=\u00a0\u00bbV\u00e9rifiez les horaires des vols en temps r\u00e9el\u00a0\u00bb image=\u00a0\u00bbhttps:\/\/flyairsenegal.com\/mobile\/wp-content\/uploads\/2021\/06\/icon_horaire@2x.png\u00a0\u00bb icon_placement=\u00a0\u00bbleft\u00a0\u00bb _builder_version=\u00a0\u00bb4.9.11&Prime; _dynamic_attributes=\u00a0\u00bblink_option_url\u00a0\u00bb _module_preset=\u00a0\u00bbdefault\u00a0\u00bb header_font=\u00a0\u00bb|700|||||||\u00a0\u00bb header_text_color=\u00a0\u00bb#007F38&Prime; header_line_height=\u00a0\u00bb30px\u00a0\u00bb custom_padding=\u00a0\u00bb||0px||false|false\u00a0\u00bb link_option_url=\u00a0\u00bb@ET-DC@eyJkeW5hbWljIjp0cnVlLCJjb250ZW50IjoicG9zdF9saW5rX3VybF9wYWdlIiwic2V0dGluZ3MiOnsicG9zdF9pZCI6IjM5NjkyIn19@\u00a0\u00bb global_colors_info=\u00a0\u00bb{}\u00a0\u00bb][\/et_pb_blurb][\/et_pb_column][\/et_pb_row][et_pb_row module_id=\u00a0\u00bbbloc_trois_cta_3&Prime; _builder_version=\u00a0\u00bb4.9.7&Prime; _module_preset=\u00a0\u00bbdefault\u00a0\u00bb background_color=\u00a0\u00bb#FFFFFF\u00a0\u00bb custom_margin=\u00a0\u00bb||10px||false|false\u00a0\u00bb custom_padding=\u00a0\u00bb10px|20px|10px|20px|true|true\u00a0\u00bb border_radii=\u00a0\u00bbon|10px|10px|10px|10px\u00a0\u00bb border_width_all=\u00a0\u00bb1px\u00a0\u00bb border_color_all=\u00a0\u00bb#C11315&Prime; global_colors_info=\u00a0\u00bb{}\u00a0\u00bb][et_pb_column type=\u00a0\u00bb4_4&Prime; _builder_version=\u00a0\u00bb4.9.7&Prime; _dynamic_attributes=\u00a0\u00bblink_option_url\u00a0\u00bb _module_preset=\u00a0\u00bbdefault\u00a0\u00bb link_option_url=\u00a0\u00bb@ET-DC@eyJkeW5hbWljIjp0cnVlLCJjb250ZW50IjoicG9zdF9saW5rX3VybF9wYWdlIiwic2V0dGluZ3MiOnsicG9zdF9pZCI6IjM5NzQ1In19@\u00a0\u00bb global_colors_info=\u00a0\u00bb{}\u00a0\u00bb][et_pb_blurb title=\u00a0\u00bbObtenez votre carte de fid\u00e9lit\u00e9\u00a0\u00bb image=\u00a0\u00bbhttps:\/\/flyairsenegal.com\/mobile\/wp-content\/uploads\/2021\/06\/icon_fidelite@2x.png\u00a0\u00bb icon_placement=\u00a0\u00bbleft\u00a0\u00bb _builder_version=\u00a0\u00bb4.9.7&Prime; _dynamic_attributes=\u00a0\u00bblink_option_url\u00a0\u00bb _module_preset=\u00a0\u00bbdefault\u00a0\u00bb header_font=\u00a0\u00bb|700|||||||\u00a0\u00bb header_text_color=\u00a0\u00bb#007F38&Prime; header_line_height=\u00a0\u00bb30px\u00a0\u00bb custom_padding=\u00a0\u00bb||0px||false|false\u00a0\u00bb link_option_url=\u00a0\u00bb@ET-DC@eyJkeW5hbWljIjp0cnVlLCJjb250ZW50IjoicG9zdF9saW5rX3VybF9wYWdlIiwic2V0dGluZ3MiOnsicG9zdF9pZCI6IjM5NzQ1In19@\u00a0\u00bb global_colors_info=\u00a0\u00bb{}\u00a0\u00bb][\/et_pb_blurb][\/et_pb_column][\/et_pb_row][\/et_pb_section]<\/p>\n","protected":false},"excerpt":{"rendered":"<p>EnregistrementConditions g\u00e9n\u00e9ralesL\u2019enregistrement est disponible sur tous les vols int\u00e9rieurs et certains vols internationaux s\u00e9lectionn\u00e9s, pour les voyageurs titulaires d\u2019un billet \u00e9lectronique confirm\u00e9 et valide.\u00a0En savoir plusAvant tout d\u00e9part \u00e0 l\u2019\u00e9tranger, il appartient aux passagers de v\u00e9rifier, aupr\u00e8s des autorit\u00e9s comp\u00e9tentes (ambassade ou consultat du pays de destination), qu\u2019ils sont en conformit\u00e9 avec les obligations douani\u00e8res, [&hellip;]<\/p>\n","protected":false},"author":3,"featured_media":0,"parent":0,"menu_order":0,"comment_status":"closed","ping_status":"closed","template":"","meta":{"_et_pb_use_builder":"on","_et_pb_old_content":"","_et_gb_content_width":"","footnotes":""},"class_list":["post-12","page","type-page","status-publish","hentry"],"_links":{"self":[{"href":"https:\/\/flyairsenegal.com\/mobile\/wp-json\/wp\/v2\/pages\/12","targetHints":{"allow":["GET"]}}],"collection":[{"href":"https:\/\/flyairsenegal.com\/mobile\/wp-json\/wp\/v2\/pages"}],"about":[{"href":"https:\/\/flyairsenegal.com\/mobile\/wp-json\/wp\/v2\/types\/page"}],"author":[{"embeddable":true,"href":"https:\/\/flyairsenegal.com\/mobile\/wp-json\/wp\/v2\/users\/3"}],"replies":[{"embeddable":true,"href":"https:\/\/flyairsenegal.com\/mobile\/wp-json\/wp\/v2\/comments?post=12"}],"version-history":[{"count":59,"href":"https:\/\/flyairsenegal.com\/mobile\/wp-json\/wp\/v2\/pages\/12\/revisions"}],"predecessor-version":[{"id":84376,"href":"https:\/\/flyairsenegal.com\/mobile\/wp-json\/wp\/v2\/pages\/12\/revisions\/84376"}],"wp:attachment":[{"href":"https:\/\/flyairsenegal.com\/mobile\/wp-json\/wp\/v2\/media?parent=12"}],"curies":[{"name":"wp","href":"https:\/\/api.w.org\/{rel}","templated":true}]}}